{"id":24664,"date":"2019-04-15T12:18:40","date_gmt":"2019-04-15T12:18:40","guid":{"rendered":"https:\/\/fewo-carpediem.lvps83-169-46-11.dedicated.hosteurope.de\/cms\/?page_id=24664"},"modified":"2022-08-02T14:29:08","modified_gmt":"2022-08-02T14:29:08","slug":"wohnung","status":"publish","type":"page","link":"https:\/\/www.fewo-carpediem.de\/cms\/wohnung\/","title":{"rendered":"Wohnung"},"content":{"rendered":"<p>[et_pb_section fb_built=&#8220;1&#8243; admin_label=&#8220;section&#8220; _builder_version=&#8220;4.16&#8243; global_colors_info=&#8220;{}&#8220;][et_pb_row _builder_version=&#8220;4.16&#8243; global_colors_info=&#8220;{}&#8220;][et_pb_column type=&#8220;4_4&#8243; _builder_version=&#8220;4.16&#8243; custom_padding=&#8220;|||&#8220; global_colors_info=&#8220;{}&#8220; custom_padding__hover=&#8220;|||&#8220;][et_pb_text _builder_version=&#8220;4.16&#8243; inline_fonts=&#8220;Merienda&#8220; global_colors_info=&#8220;{}&#8220;]<\/p>\n<p style=\"text-align: center;\"><span style=\"color: #ff9900; font-size: x-large; font-family: Merienda; font-weight: normal;\">\u201eGib jedem Tag die Chance, der sch\u00f6nste deines Lebens zu werden.&#8220;<\/span><\/p>\n<p style=\"text-align: center;\"><span style=\"color: #ff9900;\"> (Mark Twain)<\/span><\/p>\n<p>[\/et_pb_text][\/et_pb_column][\/et_pb_row][et_pb_row _builder_version=&#8220;4.16&#8243; global_colors_info=&#8220;{}&#8220; column_structure=&#8220;3_5,2_5&#8243;][et_pb_column type=&#8220;3_5&#8243; _builder_version=&#8220;4.16&#8243; custom_padding=&#8220;|||&#8220; global_colors_info=&#8220;{}&#8220; custom_padding__hover=&#8220;|||&#8220;][et_pb_text _builder_version=&#8220;4.16&#8243; global_colors_info=&#8220;{}&#8220;]<\/p>\n<p><span>Seit Herbst 2008 gibt es sie \u2013 unsere Ferienwohnung Carpe Diem ! Aus einer Idee wurde Wirklichkeit und unsere bisherigen G\u00e4ste haben uns gezeigt, dass es keine \u201e Schnapsidee\u201c ist, mitten in der Stadt eine FeWo anzubieten. Nutzen Sie Ihre Zeit und verbringen Sie diese in unserer gepflegten und gem\u00fctlichen 90 qm Nichtraucher \u2013 Ferienwohnung f\u00fcr 1-5 Personen.<\/span><\/p>\n<p>[\/et_pb_text][\/et_pb_column][et_pb_column type=&#8220;2_5&#8243; _builder_version=&#8220;4.16&#8243; custom_padding=&#8220;|||&#8220; global_colors_info=&#8220;{}&#8220; custom_padding__hover=&#8220;|||&#8220;][et_pb_image src=&#8220;https:\/\/www.fewo-carpediem.de\/cms\/wp-content\/uploads\/2019\/04\/Visit.karte-IMG_1455.jpg&#8220; align_tablet=&#8220;center&#8220; align_last_edited=&#8220;on|desktop&#8220; _builder_version=&#8220;4.16&#8243; global_colors_info=&#8220;{}&#8220; align_phone=&#8220;center&#8220;][\/et_pb_image][\/et_pb_column][\/et_pb_row][et_pb_row _builder_version=&#8220;4.16&#8243; global_colors_info=&#8220;{}&#8220; column_structure=&#8220;1_2,1_2&#8243;][et_pb_column type=&#8220;1_2&#8243; _builder_version=&#8220;4.16&#8243; custom_padding=&#8220;|||&#8220; global_colors_info=&#8220;{}&#8220; custom_padding__hover=&#8220;|||&#8220;][et_pb_button button_url=&#8220;\/cms\/buchung&#8220; button_text=&#8220;Jetzt buchen&#8220; _builder_version=&#8220;4.17.6&#8243; hover_enabled=&#8220;0&#8243; custom_css_main_element=&#8220;width:100%&#8220; global_colors_info=&#8220;{}&#8220; custom_button=&#8220;on&#8220; button_text_color=&#8220;#E09900&#8243; sticky_enabled=&#8220;0&#8243;][\/et_pb_button][\/et_pb_column][et_pb_column type=&#8220;1_2&#8243; _builder_version=&#8220;4.16&#8243; custom_padding=&#8220;|||&#8220; global_colors_info=&#8220;{}&#8220; custom_padding__hover=&#8220;|||&#8220;][et_pb_button button_url=&#8220;\/cms\/umgebung&#8220; button_text=&#8220;Umgebung entdecken&#8220; _builder_version=&#8220;4.17.6&#8243; hover_enabled=&#8220;0&#8243; custom_css_main_element=&#8220;width:100%&#8220; global_colors_info=&#8220;{}&#8220; custom_button=&#8220;on&#8220; button_text_color=&#8220;#E09900&#8243; sticky_enabled=&#8220;0&#8243;][\/et_pb_button][\/et_pb_column][\/et_pb_row][\/et_pb_section][et_pb_section fb_built=&#8220;1&#8243; _builder_version=&#8220;4.16&#8243; use_background_color_gradient=&#8220;on&#8220; background_color_gradient_stops=&#8220;#ffffff 0%|rgba(224,153,0,0.36) 100%&#8220; background_color_gradient_start=&#8220;#ffffff&#8220; background_color_gradient_end=&#8220;rgba(224,153,0,0.36)&#8220; global_colors_info=&#8220;{}&#8220;][et_pb_row _builder_version=&#8220;4.16&#8243; global_colors_info=&#8220;{}&#8220; column_structure=&#8220;1_3,2_3&#8243;][et_pb_column type=&#8220;1_3&#8243; _builder_version=&#8220;4.16&#8243; custom_padding=&#8220;|||&#8220; global_colors_info=&#8220;{}&#8220; custom_padding__hover=&#8220;|||&#8220;][et_pb_gallery gallery_ids=&#8220;25032&#8243; fullwidth=&#8220;on&#8220; _builder_version=&#8220;4.16&#8243; global_colors_info=&#8220;{}&#8220;][\/et_pb_gallery][\/et_pb_column][et_pb_column type=&#8220;2_3&#8243; _builder_version=&#8220;4.16&#8243; custom_padding=&#8220;|||&#8220; global_colors_info=&#8220;{}&#8220; custom_padding__hover=&#8220;|||&#8220;][et_pb_text _builder_version=&#8220;4.16&#8243; global_colors_info=&#8220;{}&#8220;]<\/p>\n<p>Die Wohnung befindet sich im Erdgescho\u00df eines Zweifamilienhauses in zentrumsnaher Lage, in einer verkehrsberuhigten Stra\u00dfe in der direkten Nachbarschaft zur Gartenschau Kaiserslautern (ehemalige Landesgartenschau 2000).<\/p>\n<p>In ca. 150m Entfernung befindet das Einkaufszentrum Kaufland mit B\u00e4ckerei, Metzgerei, Fris\u00f6r, Apotheke, \u00c4nderungsschneiderei und Postbriefkasten. Direkt davor befindet sich eine Bushaltestelle mit direkter Anbindung zur Innenstadt bzw. Uni &#8211; und Gewerbegebiet. Klinikum, Sparkasse und Kinderspielplatz befinden sich in unmittelbarer N\u00e4he.<\/p>\n<p>Das Auto k\u00f6nnen sie getrost zu Hause lassen, denn in 8 Gehminuten erreichen Sie die Kaiserslauterer City mit zahlreichen Einkaufsm\u00f6glichkeiten, ebenso den West-Bahnhof in 5 Gehminuten (Anbindung an das bundesweite ICE-Netz der DB \u00fcber Hauptbahnhof).<\/p>\n<p>Kaiserslautern liegt im Herzen des Pf\u00e4lzerwaldes, dem gr\u00f6\u00dften zusammenh\u00e4ngenden Waldgebiet Deutschlands, mit zahlreichen Freizeit und Erholungsangeboten!<\/p>\n<p>[\/et_pb_text][\/et_pb_column][\/et_pb_row][et_pb_row _builder_version=&#8220;4.16&#8243; global_colors_info=&#8220;{}&#8220;][et_pb_column type=&#8220;4_4&#8243; _builder_version=&#8220;4.16&#8243; custom_padding=&#8220;|||&#8220; global_colors_info=&#8220;{}&#8220; custom_padding__hover=&#8220;|||&#8220;][et_pb_text _builder_version=&#8220;4.16&#8243; global_colors_info=&#8220;{}&#8220;]<\/p>\n<h1>Lage der Wohnung<\/h1>\n<p>West-Bahnhof (500m), Fu\u00dfweg 5 min,\u00a0Hauptbahnhof (1000m), Fu\u00dfweg 15min,\u00a0Innenstadt (800m), Fu\u00dfweg 8 min,\u00a0Klinikum (300m), Fu\u00dfweg 4 min,\u00a0Fachhochschule (800m), Fu\u00dfweg 8 min,\u00a0Universit\u00e4t \/ PRE Uni Park (3 km), 10 min mit \u00d6PNV,\u00a0Gartenschau (500m), Fu\u00dfweg 5 min, Bushaltestelle (100m), Kaufland bis 22 Uhr ge\u00f6ffnet (150m)<\/p>\n<p>[\/et_pb_text][\/et_pb_column][\/et_pb_row][et_pb_row _builder_version=&#8220;4.16&#8243; global_colors_info=&#8220;{}&#8220; column_structure=&#8220;1_2,1_2&#8243;][et_pb_column type=&#8220;1_2&#8243; _builder_version=&#8220;4.16&#8243; custom_padding=&#8220;|||&#8220; global_colors_info=&#8220;{}&#8220; custom_padding__hover=&#8220;|||&#8220;][et_pb_text module_id=&#8220;wohnung_bilder&#8220; _builder_version=&#8220;4.16&#8243; global_colors_info=&#8220;{}&#8220;]<\/p>\n<h1>Schauen Sie mal rein&#8230;<\/h1>\n<p>[\/et_pb_text][et_pb_gallery gallery_ids=&#8220;25048,24826,25054,24825,25055,24828,24830,25102,25056,25050,25099,25105,25052,24824,25101,25044,25047,25045,24823,25100,25039,25043,25040,25042,25049,25041,24808&#8243; _builder_version=&#8220;4.16&#8243; pagination_font=&#8220;||||||||&#8220; global_colors_info=&#8220;{}&#8220;][\/et_pb_gallery][et_pb_text _builder_version=&#8220;4.16&#8243; global_colors_info=&#8220;{}&#8220;][\/et_pb_text][\/et_pb_column][et_pb_column type=&#8220;1_2&#8243; _builder_version=&#8220;4.16&#8243; custom_padding=&#8220;|||&#8220; global_colors_info=&#8220;{}&#8220; custom_padding__hover=&#8220;|||&#8220;][et_pb_text _builder_version=&#8220;4.16&#8243; global_colors_info=&#8220;{}&#8220;]<\/p>\n<h1>Ausstattung<\/h1>\n<p>[\/et_pb_text][et_pb_text _builder_version=&#8220;4.16&#8243; global_colors_info=&#8220;{}&#8220;]<\/p>\n<ul>\n<li>90 m\u00b2 gro\u00dfe Ferienwohnung im Erdgescho\u00df in zentraler Lage (Nichtraucher)<\/li>\n<li>gro\u00dfe Diele mit Garderobe und Schlafsofa<\/li>\n<li>2 Schlafzimmer<\/li>\n<li>Wohn-\/Esszimmer incl. komfortablen Schlafsessel<\/li>\n<li>Wohnk\u00fcche mit Mikrowelle ,Senseo Kaffeepad-Automat und weiterer reichhaltiger Ausstattung<\/li>\n<li>Bad mit Dusche, Wanne, Handt\u00fccher, F\u00f6n, B\u00fcgeleisen, B\u00fcgelbrett etc.<\/li>\n<li>Kostenloser Internetzugang (WLAN)<\/li>\n<li>Kabel TV (Wohnzimmer und Schlafzimmer 2) \/ Radio\/ DVD Player<\/li>\n<li>Fahrradabstellm\u00f6glichkeit im Hof<\/li>\n<li>Waschmaschine<\/li>\n<li>Haustiere auf Anfrage<\/li>\n<li>Parkm\u00f6glichkeiten reichlich vorhanden (Parkbewirtschaftung 3,00 \u20ac \/ Tag)<\/li>\n<li>Kinderhochstuhl und Kinderbett bei Bedarf<\/li>\n<\/ul>\n<p>[\/et_pb_text][\/et_pb_column][\/et_pb_row][\/et_pb_section][et_pb_section fb_built=&#8220;1&#8243; fullwidth=&#8220;on&#8220; _builder_version=&#8220;4.16&#8243; global_colors_info=&#8220;{}&#8220;][\/et_pb_section]<\/p>\n","protected":false},"excerpt":{"rendered":"<p>[et_pb_section fb_built=&#8220;1&#8243; admin_label=&#8220;section&#8220; _builder_version=&#8220;4.16&#8243; global_colors_info=&#8220;{}&#8220;][et_pb_row _builder_version=&#8220;4.16&#8243; global_colors_info=&#8220;{}&#8220;][et_pb_column type=&#8220;4_4&#8243; _builder_version=&#8220;4.16&#8243; custom_padding=&#8220;|||&#8220; global_colors_info=&#8220;{}&#8220; custom_padding__hover=&#8220;|||&#8220;][et_pb_text _builder_version=&#8220;4.16&#8243; inline_fonts=&#8220;Merienda&#8220; global_colors_info=&#8220;{}&#8220;] \u201eGib jedem Tag die Chance, der sch\u00f6nste deines Lebens zu werden.&#8220; (Mark Twain) [\/et_pb_text][\/et_pb_column][\/et_pb_row][et_pb_row _builder_version=&#8220;4.16&#8243; global_colors_info=&#8220;{}&#8220; column_structure=&#8220;3_5,2_5&#8243;][et_pb_column type=&#8220;3_5&#8243; _builder_version=&#8220;4.16&#8243; custom_padding=&#8220;|||&#8220; global_colors_info=&#8220;{}&#8220; custom_padding__hover=&#8220;|||&#8220;][et_pb_text _builder_version=&#8220;4.16&#8243; global_colors_info=&#8220;{}&#8220;] Seit Herbst 2008 gibt es sie \u2013 unsere Ferienwohnung Carpe Diem ! Aus einer Idee wurde [&hellip;]<\/p>\n","protected":false},"author":1,"featured_media":0,"parent":0,"menu_order":0,"comment_status":"closed","ping_status":"closed","template":"","meta":{"_et_pb_use_builder":"on","_et_pb_old_content":"<!-- wp:paragraph {\"dropCap\":true} -->\n<p class=\"has-drop-cap\">Seit Herbst 2008 gibt es sie \u2013 unsere Ferienwohnung Carpe Diem ! Aus einer Idee wurde Wirklichkeit und unsere bisherigen G\u00e4ste haben uns gezeigt, dass es keine \u201e Schnapsidee\u201c ist, mitten in der Stadt eine FeWo anzubieten. Nutzen Sie Ihre Zeit und verbringen Sie diese in unserer gepflegten und gem\u00fctlichen 90 qm Nichtraucher \u2013 Ferienwohnung f\u00fcr 1-5 Personen.<\/p>\n<!-- \/wp:paragraph -->\n\n<!-- wp:quote -->\n<blockquote class=\"wp-block-quote\"><p><strong>\u201eGib jedem Tag die Chance, der sch\u00f6nste deines Lebens zu werden.\" (Mark Twain)<\/strong><\/p><\/blockquote>\n<!-- \/wp:quote -->\n\n<!-- wp:paragraph -->\n<p>Die Wohnung befindet sich im Erdgescho\u00df eines Zweifamilienhauses in zentrumsnaher Lage, in einer verkehrsberuhigten Stra\u00dfe in der direkten Nachbarschaft zur Gartenschau Kaiserslautern (ehemalige Landesgartenschau 2000).<\/p>\n<!-- \/wp:paragraph -->\n\n<!-- wp:image {\"id\":24735,\"align\":\"left\"} -->\n<div class=\"wp-block-image\"><figure class=\"alignleft\"><img src=\"https:\/\/staging.fewo-carpediem.de\/wp-content\/uploads\/2019\/04\/Grundriss-Fewo.jpg\" alt=\"\" class=\"wp-image-24735\"\/><figcaption>Grundriss<\/figcaption><\/figure><\/div>\n<!-- \/wp:image -->\n\n<!-- wp:paragraph -->\n<p>In ca. 150m Entfernung befindet das Einkaufszentrum Kaufland mit B\u00e4ckerei, Metzgerei, Fris\u00f6r, Apotheke, \u00c4nderungsschneiderei und Postbriefkasten. Direkt davor befindet sich eine Bushaltestelle mit direkter Anbindung zur Innenstadt bzw. Uni - und Gewerbegebiet. Klinikum, Sparkasse und Kinderspielplatz befinden sich in unmittelbarer N\u00e4he.<\/p>\n<!-- \/wp:paragraph -->\n\n<!-- wp:paragraph -->\n<p>Das Auto k\u00f6nnen sie getrost zu Hause lassen, denn in 8 Gehminuten erreichen Sie die Kaiserslauterer City mit zahlreichen Einkaufsm\u00f6glichkeiten, ebenso den West-Bahnhof in 5 Gehminuten (Anbindung an das bundesweite ICE-Netz der DB \u00fcber Hauptbahnhof).<\/p>\n<!-- \/wp:paragraph -->\n\n<!-- wp:paragraph -->\n<p>Kaiserslautern liegt im Herzen des Pf\u00e4lzerwaldes, dem gr\u00f6\u00dften zusammenh\u00e4ngenden Waldgebiet Deutschlands, mit zahlreichen Freizeit und Erholungsangeboten!<\/p>\n<!-- \/wp:paragraph -->\n\n<!-- wp:paragraph {\"dropCap\":true} -->\n<p class=\"has-drop-cap\"><strong>Ausstattung:<\/strong><\/p>\n<!-- \/wp:paragraph -->\n\n<!-- wp:list -->\n<ul><li>90 m\u00b2 gro\u00dfe Ferienwohnung im Erdgescho\u00df in zentraler Lage (Nichtraucher)<\/li><li>gro\u00dfe Diele mit Garderobe und Schlafsofa<\/li><li>2 Schlafzimmer<\/li><li>Wohn-\/Esszimmer incl. komfortablen Schlafsessel<\/li><li>Wohnk\u00fcche mit Mikrowelle ,Senseo Kaffeepad-Automat und weiterer reichhaltiger Ausstattung<\/li><li>Bad mit Dusche, Wanne, Handt\u00fccher, F\u00f6n, B\u00fcgeleisen, B\u00fcgelbrett etc.<\/li><li>Kostenloser Internetzugang (WLAN)<\/li><li>Kabel TV (Wohnzimmer und Schlafzimmer 2) \/ Radio\/ DVD Player<\/li><li>Fahrradabstellm\u00f6glichkeit im Hof<\/li><li>Waschmaschine<\/li><li>Haustiere auf Anfrage<\/li><li>Parkm\u00f6glichkeiten reichlich vorhanden (Parkbewirtschaftung 3,00 \u20ac \/ Tag)<\/li><li>Kinderhochstuhl und Kinderbett bei Bedarf<\/li><\/ul>\n<!-- \/wp:list -->","_et_gb_content_width":"","footnotes":""},"class_list":["post-24664","page","type-page","status-publish","hentry"],"jetpack_sharing_enabled":true,"_links":{"self":[{"href":"https:\/\/www.fewo-carpediem.de\/cms\/wp-json\/wp\/v2\/pages\/24664","targetHints":{"allow":["GET"]}}],"collection":[{"href":"https:\/\/www.fewo-carpediem.de\/cms\/wp-json\/wp\/v2\/pages"}],"about":[{"href":"https:\/\/www.fewo-carpediem.de\/cms\/wp-json\/wp\/v2\/types\/page"}],"author":[{"embeddable":true,"href":"https:\/\/www.fewo-carpediem.de\/cms\/wp-json\/wp\/v2\/users\/1"}],"replies":[{"embeddable":true,"href":"https:\/\/www.fewo-carpediem.de\/cms\/wp-json\/wp\/v2\/comments?post=24664"}],"version-history":[{"count":10,"href":"https:\/\/www.fewo-carpediem.de\/cms\/wp-json\/wp\/v2\/pages\/24664\/revisions"}],"predecessor-version":[{"id":34224,"href":"https:\/\/www.fewo-carpediem.de\/cms\/wp-json\/wp\/v2\/pages\/24664\/revisions\/34224"}],"wp:attachment":[{"href":"https:\/\/www.fewo-carpediem.de\/cms\/wp-json\/wp\/v2\/media?parent=24664"}],"curies":[{"name":"wp","href":"https:\/\/api.w.org\/{rel}","templated":true}]}}