{"id":24668,"date":"2019-04-05T16:41:44","date_gmt":"2019-04-05T16:41:44","guid":{"rendered":"https:\/\/fewo-carpediem.lvps83-169-46-11.dedicated.hosteurope.de\/cms\/?page_id=24668"},"modified":"2023-11-23T10:54:43","modified_gmt":"2023-11-23T10:54:43","slug":"buchung","status":"publish","type":"page","link":"https:\/\/www.fewo-carpediem.de\/cms\/buchung\/","title":{"rendered":"Buchung"},"content":{"rendered":"<p>[et_pb_section fb_built=&#8220;1&#8243; _builder_version=&#8220;4.16&#8243; custom_padding=&#8220;||7px|||&#8220; global_colors_info=&#8220;{}&#8220;][et_pb_row _builder_version=&#8220;4.23.1&#8243; _module_preset=&#8220;default&#8220; custom_padding=&#8220;15px||14px|||&#8220;][et_pb_column _builder_version=&#8220;4.23.1&#8243; _module_preset=&#8220;default&#8220; type=&#8220;4_4&#8243;][et_pb_text _builder_version=&#8220;4.23.1&#8243; _module_preset=&#8220;default&#8220; global_colors_info=&#8220;{}&#8220;]<\/p>\n<h1>Preise\u00a0 f\u00fcr \u00dcbernachtung (\u00dcN) und Buchunganfrage<\/h1>\n<p>[\/et_pb_text][\/et_pb_column][\/et_pb_row][et_pb_row column_structure=&#8220;3_4,1_4&#8243; _builder_version=&#8220;4.18.0&#8243; background_size=&#8220;initial&#8220; background_position=&#8220;top_left&#8220; background_repeat=&#8220;repeat&#8220; custom_margin=&#8220;||||false|false&#8220; custom_padding=&#8220;24px|0px|24px|0|false|false&#8220; global_colors_info=&#8220;{}&#8220;][et_pb_column type=&#8220;3_4&#8243; _builder_version=&#8220;4.16&#8243; custom_padding=&#8220;|||&#8220; global_colors_info=&#8220;{}&#8220; custom_padding__hover=&#8220;|||&#8220;][et_pb_pricing_tables show_bullet=&#8220;off&#8220; _builder_version=&#8220;4.23.1&#8243; body_font=&#8220;||||||||&#8220; body_text_align=&#8220;center&#8220; currency_frequency_font=&#8220;||||||||&#8220; currency_frequency_font_size=&#8220;33px&#8220; custom_css_pricing_content=&#8220;height:320px;&#8220; center_list_items=&#8220;on&#8220; global_colors_info=&#8220;{}&#8220;][et_pb_pricing_table title=&#8220;1 \u00dcN&#8220; subtitle=&#8220;pro Nacht&#8220; currency=&#8220;\u20ac&#8220; per=&#8220;auf Anfrage&#8220; sum=&#8220;&#8211;&#8220; _builder_version=&#8220;4.23.1&#8243; price_font=&#8220;||||||||&#8220; price_font_size=&#8220;80&#8243; currency_frequency_font=&#8220;||||||||&#8220; currency_frequency_font_size=&#8220;17px&#8220; global_colors_info=&#8220;{}&#8220; sticky_transition=&#8220;on&#8220;]<\/p>\n<p>1- 2 Personen,\u00a0<span style=\"font-size: 14px;\">\u00a0Jede weitere Person\u00a0<\/span><b style=\"font-size: 14px;\">AUF ANFRAGE<\/b><\/p>\n<p>Zu zahlen bar bei Ankunft und Schl\u00fcssel\u00fcbergabe oder \u00dcberweisung (Geldeingang muss 3 Tage vor Ankunft erfolgt sein)<br \/><b style=\"font-size: 14px;\"><\/b><\/p>\n<p>zzgl. EUR 35,- Reinigungspauschale<\/p>\n<p><span><\/span><\/p>\n<p>[\/et_pb_pricing_table][et_pb_pricing_table title=&#8220;2 \u00dcN&#8220; subtitle=&#8220;pro Nacht&#8220; currency=&#8220;\u20ac&#8220; sum=&#8220;75&#8243; _builder_version=&#8220;4.23.1&#8243; currency_frequency_font=&#8220;||||||||&#8220; global_colors_info=&#8220;{}&#8220; sticky_transition=&#8220;on&#8220;]<\/p>\n<p>1- 2 Personen<\/p>\n<p>Jede weitere Person EUR 25,-<br \/>Z<span>u zahlen bar bei Ankunft und Schl\u00fcssel\u00fcbergabe oder \u00dcberweisung (Geldeingang muss 3 Tage vor Ankunft erfolgt sein)<\/span><\/p>\n<p><span>zzgl. EUR 35,- Reinigungspauschale<\/span><\/p>\n<p>[\/et_pb_pricing_table][et_pb_pricing_table title=&#8220;ab 3 \u00dcN&#8220; subtitle=&#8220;pro Nacht&#8220; currency=&#8220;\u20ac&#8220; sum=&#8220;70&#8243; _builder_version=&#8220;4.23.1&#8243; global_colors_info=&#8220;{}&#8220; sticky_transition=&#8220;on&#8220;]<\/p>\n<p><span>1- 2 Personen<\/span><\/p>\n<p><span>Jede weitere Person\u00a0<\/span><span>EUR 25,-<\/span><\/p>\n<p><span>Z<span>u zahlen bar bei Ankunft und Schl\u00fcssel\u00fcbergabe oder \u00dcberweisung (Geldeingang muss 3 Tage vor Ankunft erfolgt sein)<\/span><\/span><\/p>\n<p><span><span>zzgl. EUR 35,- Reinungspauschale<\/span><\/span><\/p>\n<p>&nbsp;<\/p>\n<p>[\/et_pb_pricing_table][\/et_pb_pricing_tables][et_pb_text _builder_version=&#8220;4.18.0&#8243; _module_preset=&#8220;default&#8220; text_font_size=&#8220;10px&#8220; text_orientation=&#8220;right&#8220; custom_margin=&#8220;-10px||0px||false|false&#8220; custom_padding=&#8220;0px||0px||false|false&#8220; global_colors_info=&#8220;{}&#8220;]<\/p>\n<p>Stand 01.12.2022<\/p>\n<p>[\/et_pb_text][\/et_pb_column][et_pb_column type=&#8220;1_4&#8243; _builder_version=&#8220;4.16&#8243; custom_padding=&#8220;|||&#8220; global_colors_info=&#8220;{}&#8220; custom_padding__hover=&#8220;|||&#8220;][et_pb_blurb title=&#8220;Wir sind Partner der RHEINPFALZ-CARD&#8220; image=&#8220;https:\/\/www.fewo-carpediem.de\/cms\/wp-content\/uploads\/2019\/04\/rpcard-e1555373271761.jpg&#8220; _builder_version=&#8220;4.16&#8243; global_colors_info=&#8220;{}&#8220;]<\/p>\n<p><span>Die Kundenkarte f\u00fcr RHEINPFALZ-Abonnenten bietet zahlreiche Vorteile, exklusive Veranstaltungen und Einkaufsrabatte. Entdecken Sie die Erlebniswelt <a href=\"https:\/\/service.rheinpfalz.de\/card\/rheinpfalz-card-fuer-abonnenten\/\" target=\"_blank\" rel=\"noopener noreferrer\">RHEINPFALZ-CARD<\/a>!<\/span><\/p>\n<p>[\/et_pb_blurb][\/et_pb_column][\/et_pb_row][\/et_pb_section][et_pb_section fb_built=&#8220;1&#8243; _builder_version=&#8220;4.17.6&#8243; use_background_color_gradient=&#8220;on&#8220; background_color_gradient_stops=&#8220;#ffffff 0%|rgba(224,153,0,0.23) 100%&#8220; custom_padding=&#8220;32px|||||&#8220; global_colors_info=&#8220;{}&#8220;][et_pb_row column_structure=&#8220;2_5,3_5&#8243; module_id=&#8220;buchungssection&#8220; _builder_version=&#8220;4.16&#8243; global_colors_info=&#8220;{}&#8220;][et_pb_column type=&#8220;2_5&#8243; _builder_version=&#8220;4.16&#8243; custom_padding=&#8220;|||&#8220; global_colors_info=&#8220;{}&#8220; custom_padding__hover=&#8220;|||&#8220;][et_pb_text _builder_version=&#8220;4.16&#8243; background_size=&#8220;initial&#8220; background_position=&#8220;top_left&#8220; background_repeat=&#8220;repeat&#8220; global_colors_info=&#8220;{}&#8220;]<!-- divi:paragraph --><\/p>\n<p>\u00a0<strong style=\"font-size: 14px;\">Unser Leistungsangebot:<\/strong><\/p>\n<p><!-- \/divi:paragraph --> <!-- divi:list --><\/p>\n<ul>\n<li>bis 5 Personen<\/li>\n<li>Haustiere nach Absprache<\/li>\n<li>Kostenloser Internetzugang (WLAN)<\/li>\n<li>Preise f\u00fcr Langzeitvermietung gem\u00e4\u00df Vereinbarung<\/li>\n<li>Endreinigungspauschale bei 1-2 \u00dcbernachtungen<\/li>\n<li>Anreise-Abreisezeiten gem\u00e4\u00df Absprache<\/li>\n<li>Parkm\u00f6glichkeit \/ Parkraumbewirtschaftung max. \u20ac 3,00\/Tag<\/li>\n<\/ul>\n<p><!-- \/divi:list --> <!-- divi:paragraph --><\/p>\n<p><strong>Folgende Leistungen sind im Preis enthalten:<\/strong>\u00a0<br \/>Strom, Wasser, Heizung, Bettw\u00e4sche, Hand- und Duscht\u00fccher, Geschirrt\u00fccher, K\u00fcchent\u00fccher, Sp\u00fclmittel, Kaffeefiltert\u00fcten, Salz, Pfeffer, Essig, \u00d6l, Zucker, Seife, Toilettenpapier, M\u00fcllbeutel, Internetzugang (WLAN)<\/p>\n<p>Haben Sie noch Fragen? Rufen Sie doch einfach an, nutzen Sie unsere Online-Buchungsanfrage oder schicken eine E-Mail oder ein Fax.<\/p>\n<p><strong><em>Wir freuen uns auf Sie \u2013 herzlich Willkommen !<\/em><\/strong><\/p>\n<p><!-- \/divi:paragraph -->[\/et_pb_text][\/et_pb_column][et_pb_column type=&#8220;3_5&#8243; _builder_version=&#8220;4.16&#8243; custom_padding=&#8220;|||&#8220; global_colors_info=&#8220;{}&#8220; custom_padding__hover=&#8220;|||&#8220;][et_pb_text _builder_version=&#8220;4.23.1&#8243; header_font=&#8220;||||||||&#8220; custom_margin=&#8220;||-19px&#8220; global_colors_info=&#8220;{}&#8220;]<\/p>\n<h2>Buchungsanfrage<\/h2>\n<p>[\/et_pb_text][et_pb_code _builder_version=&#8220;4.16&#8243; custom_padding=&#8220;0px||&#8220; global_colors_info=&#8220;{}&#8220;]\n<div class=\"wpcf7 no-js\" id=\"wpcf7-f25192-o1\" lang=\"de-DE\" dir=\"ltr\" data-wpcf7-id=\"25192\">\n<div class=\"screen-reader-response\"><p role=\"status\" aria-live=\"polite\" aria-atomic=\"true\"><\/p> <ul><\/ul><\/div>\n<form action=\"\/cms\/wp-json\/wp\/v2\/pages\/24668#wpcf7-f25192-o1\" method=\"post\" class=\"wpcf7-form init\" aria-label=\"Kontaktformular\" novalidate=\"novalidate\" data-status=\"init\">\n<fieldset class=\"hidden-fields-container\"><input type=\"hidden\" name=\"_wpcf7\" value=\"25192\" \/><input type=\"hidden\" name=\"_wpcf7_version\" value=\"6.1.1\" \/><input type=\"hidden\" name=\"_wpcf7_locale\" value=\"de_DE\" \/><input type=\"hidden\" name=\"_wpcf7_unit_tag\" value=\"wpcf7-f25192-o1\" \/><input type=\"hidden\" name=\"_wpcf7_container_post\" value=\"0\" \/><input type=\"hidden\" name=\"_wpcf7_posted_data_hash\" value=\"\" \/><input type=\"hidden\" name=\"_wpcf7_recaptcha_response\" value=\"\" \/>\n<\/fieldset>\n<div class=\"wps-form\">\n<!-- Zeile 1 -->\n\t<div class=\"wps-form-row\">\n <!-- Spalte 1 -->\n\t\t<div class=\"wps-form-column\">\n\t\t\t<p><span class=\"wpcf7-form-control-wrap\" data-name=\"your-name\"><input size=\"40\" maxlength=\"400\" class=\"wpcf7-form-control wpcf7-text wpcf7-validates-as-required\" aria-required=\"true\" aria-invalid=\"false\" placeholder=\"Vorname\" value=\"\" type=\"text\" name=\"your-name\" \/><\/span>\n\t\t\t<\/p>\n\t\t<\/div>\n <!-- Spalte 2 -->\n\t\t<div class=\"wps-form-column\">\n\t\t\t<p><span class=\"wpcf7-form-control-wrap\" data-name=\"your-surename\"><input size=\"40\" maxlength=\"400\" class=\"wpcf7-form-control wpcf7-text wpcf7-validates-as-required\" aria-required=\"true\" aria-invalid=\"false\" placeholder=\"Nachname\" value=\"\" type=\"text\" name=\"your-surename\" \/><\/span>\n\t\t\t<\/p>\n\t\t<\/div>\n\t<\/div>\n<!-- Zeile 2 Strasse -->\n\t<div class=\"wps-form-row\">\n <!-- Spalte 1 -->\n\t\t<div class=\"wps-form-column\">\n\t\t\t<p><span class=\"wpcf7-form-control-wrap\" data-name=\"your-street\"><input size=\"40\" maxlength=\"400\" class=\"wpcf7-form-control wpcf7-text\" aria-invalid=\"false\" placeholder=\"Strasse und Hausnummer\" value=\"\" type=\"text\" name=\"your-street\" \/><\/span>\n\t\t\t<\/p>\n\t\t<\/div>\n\t<\/div>\n\n<!-- Zeile 3 Ort -->\n\t<div class=\"wps-form-row\">\n <!-- Spalte 1 -->\n\t\t<div class=\"wps-form-column\">\n\t\t\t<p><span class=\"wpcf7-form-control-wrap\" data-name=\"your-plz\"><input class=\"wpcf7-form-control wpcf7-number wpcf7-validates-as-number\" min=\"1\" max=\"999999\" aria-invalid=\"false\" placeholder=\"PLZ\" value=\"\" type=\"number\" name=\"your-plz\" \/><\/span>\n\t\t\t<\/p>\n\t\t<\/div>\n <!-- Spalte 2 -->\n\t\t<div class=\"wps-form-column\">\n\t\t\t<p><span class=\"wpcf7-form-control-wrap\" data-name=\"your-city\"><input size=\"40\" maxlength=\"400\" class=\"wpcf7-form-control wpcf7-text\" aria-invalid=\"false\" placeholder=\"Ort\" value=\"\" type=\"text\" name=\"your-city\" \/><\/span>\n\t\t\t<\/p>\n\t\t<\/div>\n\t<\/div>\n\n<!-- Zeile 4 telefonnummer -->\n\t<div class=\"wps-form-row\">\n <!-- Spalte 1 -->\n\t\t<div class=\"wps-form-column\">\n\t\t\t<p><span class=\"wpcf7-form-control-wrap\" data-name=\"your-tel\"><input size=\"40\" maxlength=\"400\" class=\"wpcf7-form-control wpcf7-tel wpcf7-validates-as-required wpcf7-text wpcf7-validates-as-tel\" aria-required=\"true\" aria-invalid=\"false\" placeholder=\"Telefonnummer\" value=\"\" type=\"tel\" name=\"your-tel\" \/><\/span>\n\t\t\t<\/p>\n\t\t<\/div>\n\t<\/div>\n<!-- Zeile 5 -->\n\t<div class=\"wps-form-row\">\n <!-- Spalte 1 -->\n\t\t<div class=\"wps-form-column\">\n\t\t\t<p><span class=\"wpcf7-form-control-wrap\" data-name=\"your-email\"><input size=\"40\" maxlength=\"400\" class=\"wpcf7-form-control wpcf7-email wpcf7-validates-as-required wpcf7-text wpcf7-validates-as-email\" aria-required=\"true\" aria-invalid=\"false\" placeholder=\"E-Mail-Adresse\" value=\"\" type=\"email\" name=\"your-email\" \/><\/span>\n\t\t\t<\/p>\n\t\t<\/div>\n\t<\/div>\n<!-- Zeile 6 Zeitraum -->\n\t<div class=\"wps-form-row\">\n <!-- Spalte 1 -->\n\t\t<div class=\"wps-form-column\">\n\t\t\t<p><label>Gew\u00fcnschtes Anreisedatum<br \/>\n<span class=\"wpcf7-form-control-wrap\" data-name=\"from-date\"><input class=\"wpcf7-form-control wpcf7-date wpcf7-validates-as-required wpcf7-validates-as-date\" aria-required=\"true\" aria-invalid=\"false\" value=\"\" type=\"date\" name=\"from-date\" \/><\/span> <\/label>\n\t\t\t<\/p>\n\t\t<\/div>\n <!-- Spalte 2 -->\n\t\t<div class=\"wps-form-column\">\n\t\t\t<p><label>Gew\u00fcnschtes Abreisedatum<br \/>\n<span class=\"wpcf7-form-control-wrap\" data-name=\"to-date\"><input class=\"wpcf7-form-control wpcf7-date wpcf7-validates-as-required wpcf7-validates-as-date\" aria-required=\"true\" aria-invalid=\"false\" value=\"\" type=\"date\" name=\"to-date\" \/><\/span> <\/label>\n\t\t\t<\/p>\n\t\t<\/div>\n\t<\/div>\n<!-- Zeile 7 Anzahl Personen -->\n\t<div class=\"wps-form-row\">\n <!-- Spalte 1 -->\n\t\t<div class=\"wps-form-column\">\n\t\t\t<p><label>Erwachsene (max 5)<br \/>\n<span class=\"wpcf7-form-control-wrap\" data-name=\"adults\"><input class=\"wpcf7-form-control wpcf7-number wpcf7-validates-as-required wpcf7-validates-as-number\" min=\"0\" max=\"5\" aria-required=\"true\" aria-invalid=\"false\" placeholder=\"0\" value=\"\" type=\"number\" name=\"adults\" \/><\/span> <\/label>\n\t\t\t<\/p>\n\t\t<\/div>\n <!-- Spalte 2 -->\n\t\t<div class=\"wps-form-column\">\n\t\t\t<p><label>Kinder<br \/>\n<span class=\"wpcf7-form-control-wrap\" data-name=\"childs\"><input class=\"wpcf7-form-control wpcf7-number wpcf7-validates-as-number\" min=\"0\" max=\"10\" aria-invalid=\"false\" placeholder=\"0\" value=\"\" type=\"number\" name=\"childs\" \/><\/span><\/label>\n\t\t\t<\/p>\n\t\t<\/div>\n\t<\/div>\n<!-- Zeile 8 Text und Absenden -->\n\t<div class=\"wps-form-row\">\n\t\t<div class=\"wps-form-column\">\n\t\t\t<p><span class=\"wpcf7-form-control-wrap\" data-name=\"your-message\"><textarea cols=\"40\" rows=\"5\" maxlength=\"2000\" class=\"wpcf7-form-control wpcf7-textarea\" aria-invalid=\"false\" placeholder=\"Ihre Nachricht\" name=\"your-message\"><\/textarea><\/span><br \/>\n<span class=\"wpcf7-form-control-wrap\" data-name=\"agb-read\"><span class=\"wpcf7-form-control wpcf7-acceptance\"><span class=\"wpcf7-list-item\"><label><input type=\"checkbox\" name=\"agb-read\" value=\"1\" aria-invalid=\"false\" \/><span class=\"wpcf7-list-item-label\">Ich habe die <a target=\"_new\" href=\"\/cms\/dl\/agb_fewo_carpediem.pdf\">AGB<\/a> gelesen<\/span><\/label><\/span><\/span><\/span><br \/>\n<span class=\"wpcf7-form-control-wrap\" data-name=\"your-consent\"><span class=\"wpcf7-form-control wpcf7-acceptance\"><span class=\"wpcf7-list-item\"><label><input type=\"checkbox\" name=\"your-consent\" value=\"1\" aria-invalid=\"false\" \/><span class=\"wpcf7-list-item-label\">Datenschutz: Ich bin mit der \u00dcbermittlung und Verarbeitung der Daten im Rahmen der Kontaktaufnahme einverstanden.<\/span><\/label><\/span><\/span><\/span><br \/>\n<input class=\"wpcf7-form-control wpcf7-submit has-spinner\" type=\"submit\" value=\"Buchungsanfrage absenden\" \/><br \/>\n\t\t\t<input class=\"wpcf7-form-control wpcf7-hidden\" value=\"Buchungsanfrage\" type=\"hidden\" name=\"your-subject\" \/>\n\t\t\t<\/p>\n\t\t<\/div>\n\t<\/div>\n<\/div><div class=\"wpcf7-response-output\" aria-hidden=\"true\"><\/div>\n<\/form>\n<\/div>\n[\/et_pb_code][et_pb_sidebar _builder_version=&#8220;4.16&#8243; global_colors_info=&#8220;{}&#8220;][\/et_pb_sidebar][\/et_pb_column][\/et_pb_row][\/et_pb_section]<\/p>\n","protected":false},"excerpt":{"rendered":"<p>[et_pb_section fb_built=&#8220;1&#8243; _builder_version=&#8220;4.16&#8243; custom_padding=&#8220;||7px|||&#8220; global_colors_info=&#8220;{}&#8220;][et_pb_row _builder_version=&#8220;4.23.1&#8243; _module_preset=&#8220;default&#8220; custom_padding=&#8220;15px||14px|||&#8220;][et_pb_column _builder_version=&#8220;4.23.1&#8243; _module_preset=&#8220;default&#8220; type=&#8220;4_4&#8243;][et_pb_text _builder_version=&#8220;4.23.1&#8243; _module_preset=&#8220;default&#8220; global_colors_info=&#8220;{}&#8220;] Preise\u00a0 f\u00fcr \u00dcbernachtung (\u00dcN) und Buchunganfrage [\/et_pb_text][\/et_pb_column][\/et_pb_row][et_pb_row column_structure=&#8220;3_4,1_4&#8243; _builder_version=&#8220;4.18.0&#8243; background_size=&#8220;initial&#8220; background_position=&#8220;top_left&#8220; background_repeat=&#8220;repeat&#8220; custom_margin=&#8220;||||false|false&#8220; custom_padding=&#8220;24px|0px|24px|0|false|false&#8220; global_colors_info=&#8220;{}&#8220;][et_pb_column type=&#8220;3_4&#8243; _builder_version=&#8220;4.16&#8243; custom_padding=&#8220;|||&#8220; global_colors_info=&#8220;{}&#8220; custom_padding__hover=&#8220;|||&#8220;][et_pb_pricing_tables show_bullet=&#8220;off&#8220; _builder_version=&#8220;4.23.1&#8243; body_font=&#8220;||||||||&#8220; body_text_align=&#8220;center&#8220; currency_frequency_font=&#8220;||||||||&#8220; currency_frequency_font_size=&#8220;33px&#8220; custom_css_pricing_content=&#8220;height:320px;&#8220; center_list_items=&#8220;on&#8220; global_colors_info=&#8220;{}&#8220;][et_pb_pricing_table title=&#8220;1 \u00dcN&#8220; subtitle=&#8220;pro Nacht&#8220; currency=&#8220;\u20ac&#8220; per=&#8220;auf Anfrage&#8220; sum=&#8220;&#8211;&#8220; _builder_version=&#8220;4.23.1&#8243; price_font=&#8220;||||||||&#8220; price_font_size=&#8220;80&#8243; currency_frequency_font=&#8220;||||||||&#8220; [&hellip;]<\/p>\n","protected":false},"author":1,"featured_media":0,"parent":0,"menu_order":0,"comment_status":"closed","ping_status":"closed","template":"","meta":{"_et_pb_use_builder":"on","_et_pb_old_content":"<!-- wp:paragraph -->\n<p>zu zahlen bar bei Ankunft und Schl\u00fcssel\u00fcbergabe oder \u00dcberweisung(Geldeingang muss 3 Tage vor Ankunft erfolgt sein!)&nbsp;<\/p>\n<!-- \/wp:paragraph -->\n\n<!-- wp:paragraph -->\n<p><strong>Unser Leistungsangebot:<\/strong><\/p>\n<!-- \/wp:paragraph -->\n\n<!-- wp:list -->\n<ul><li>bis 5 Personen<\/li><li>Haustiere nach Absprache<\/li><li>Kostenloser Internetzugang (WLAN)<\/li><li>Preise f\u00fcr Langzeitvermietung gem\u00e4\u00df Vereinbarung<\/li><li>Endreinigungspauschale bei 1-2 \u00dcbernachtungen<\/li><li>Anreise-Abreisezeiten gem\u00e4\u00df Absprache<\/li><li>Parkm\u00f6glichkeit \/ Parkraumbewirtschaftung max. \u20ac 3,00\/Tag<\/li><\/ul>\n<!-- \/wp:list -->\n\n<!-- wp:paragraph -->\n<p><strong>Folgende Leistungen sind im Preis enthalten:<\/strong>&nbsp;Strom, Wasser, Heizung, Endreinigung (ab 3 \u00dcbernachtungen inkl.), Bettw\u00e4sche, Hand- und Duscht\u00fccher, Geschirrt\u00fccher, K\u00fcchent\u00fccher, Sp\u00fclmittel, Kaffeefiltert\u00fcten, Salz, Pfeffer, Essig, \u00d6l, Zucker, Seife, Toilettenpapier, M\u00fcllbeutel, Internetzugang (WLAN) Haben Sie noch Fragen? Rufen Sie doch einfach an, nutzen Sie unsere Online-Buchungsanfrage oder schicken eine E-Mail oder ein Fax. Wir freuen uns auf Sie \u2013 herzlich Willkommen !<\/p>\n<!-- \/wp:paragraph -->","_et_gb_content_width":"","footnotes":""},"class_list":["post-24668","page","type-page","status-publish","hentry"],"jetpack_sharing_enabled":true,"_links":{"self":[{"href":"https:\/\/www.fewo-carpediem.de\/cms\/wp-json\/wp\/v2\/pages\/24668","targetHints":{"allow":["GET"]}}],"collection":[{"href":"https:\/\/www.fewo-carpediem.de\/cms\/wp-json\/wp\/v2\/pages"}],"about":[{"href":"https:\/\/www.fewo-carpediem.de\/cms\/wp-json\/wp\/v2\/types\/page"}],"author":[{"embeddable":true,"href":"https:\/\/www.fewo-carpediem.de\/cms\/wp-json\/wp\/v2\/users\/1"}],"replies":[{"embeddable":true,"href":"https:\/\/www.fewo-carpediem.de\/cms\/wp-json\/wp\/v2\/comments?post=24668"}],"version-history":[{"count":12,"href":"https:\/\/www.fewo-carpediem.de\/cms\/wp-json\/wp\/v2\/pages\/24668\/revisions"}],"predecessor-version":[{"id":36914,"href":"https:\/\/www.fewo-carpediem.de\/cms\/wp-json\/wp\/v2\/pages\/24668\/revisions\/36914"}],"wp:attachment":[{"href":"https:\/\/www.fewo-carpediem.de\/cms\/wp-json\/wp\/v2\/media?parent=24668"}],"curies":[{"name":"wp","href":"https:\/\/api.w.org\/{rel}","templated":true}]}}