{"id":24838,"date":"2019-04-15T21:36:39","date_gmt":"2019-04-15T21:36:39","guid":{"rendered":"https:\/\/staging.fewo-carpediem.de\/?page_id=24838"},"modified":"2020-11-25T11:35:08","modified_gmt":"2020-11-25T11:35:08","slug":"impressum","status":"publish","type":"page","link":"https:\/\/www.fewo-carpediem.de\/cms\/impressum\/","title":{"rendered":"Impressum"},"content":{"rendered":"<p>[et_pb_section fb_built=&#8220;1&#8243; _builder_version=&#8220;3.0.47&#8243;][et_pb_row custom_padding=&#8220;24px|0px|0|0px|false|false&#8220; _builder_version=&#8220;3.21.3&#8243;][et_pb_column type=&#8220;4_4&#8243; _builder_version=&#8220;3.21.3&#8243;][et_pb_sidebar _builder_version=&#8220;3.21.3&#8243;][\/et_pb_sidebar][et_pb_text _builder_version=&#8220;3.21.3&#8243;]<\/p>\n<h1>Impressum<\/h1>\n<p>[\/et_pb_text][\/et_pb_column][\/et_pb_row][et_pb_row _builder_version=&#8220;3.0.48&#8243; background_size=&#8220;initial&#8220; background_position=&#8220;top_left&#8220; background_repeat=&#8220;repeat&#8220;][et_pb_column type=&#8220;2_5&#8243; _builder_version=&#8220;3.0.47&#8243;][et_pb_text _builder_version=&#8220;3.21.3&#8243;]<\/p>\n<p><strong>Ferienwohnung Carpe Diem<\/strong><\/p>\n<p>Inhaber Helga und Klaus Br\u00f6ning<br \/> Waldstr. 26<br \/> 67659 Kaiserslautern<\/p>\n<p>Tel.: +49(0)631 \/ 2775236 &#8211; 0 <br \/>Fax.:+49(0)631 \/ 2775236 &#8211; 9<\/p>\n<p>E-Mail: <a href=\"mailto:info@fewo-carpediem.de\">info@fewo-carpediem.de<\/a>\u00a0 <br \/>Internet: www.fewo-carpediem.de<br \/>Inhaber: Helga und Klaus Br\u00f6ning<\/p>\n<p>[\/et_pb_text][et_pb_button button_url=&#8220;\/cms\/dl\/agb_fewo_carpediem.pdf&#8220; url_new_window=&#8220;on&#8220; button_text=&#8220;Allgemeine Gesch\u00e4ftsbedingungen&#8220; _builder_version=&#8220;3.21.3&#8243; custom_margin=&#8220;102px||&#8220; custom_css_main_element=&#8220;width:100%&#8220;][\/et_pb_button][et_pb_button button_url=&#8220;\/cms\/datenschutzerklaerung\/&#8220; button_text=&#8220;Datenschutzerkl\u00e4rung&#8220; _builder_version=&#8220;3.21.3&#8243; custom_css_main_element=&#8220;width:100%&#8220;][\/et_pb_button][\/et_pb_column][et_pb_column type=&#8220;3_5&#8243; _builder_version=&#8220;3.0.47&#8243;][et_pb_text _builder_version=&#8220;3.21.3&#8243;]<\/p>\n<p>Gerichtsstand ist Kaiserslautern \/ Rheinland-Pfalz .<\/p>\n<p>Copyright \u00a9 2019 by Ferienwohnung Carpe Diem Alle Rechte vorbehalten. Die Urheberrechte dieser Web-Site liegen vollst\u00e4ndig bei den Inhabern der Ferienwohnung Carpe Diem.<\/p>\n<p>Bildmotive d\u00fcrfen nur f\u00fcr redaktionelle Zwecke genutzt werden. Die Verwendung ist honorarfrei bei Quellenangabe und \u00dcbersendung von zwei kostenlosen Belegexemplaren an o.g. Adresse. Grafische Ver\u00e4nderungen &#8211; au\u00dfer zum Freistellen des Hauptmotivs &#8211; sind nicht gestattet.\u00a0<\/p>\n<p><strong> Haftungshinweis:<\/strong> Trotz sorgf\u00e4ltiger inhaltlicher Kontrolle \u00fcbernehmen wir keine Haftung f\u00fcr die Inhalte externer Links. F\u00fcr den Inhalt der verlinkten Seiten sind ausschlie\u00dflich deren Betreiber verantwortlich.<\/p>\n<p>Die Ferienwohnung Carpe Diem ist bem\u00fcht, ihr Webangebot stets aktuell und inhaltlich richtig sowie vollst\u00e4ndig anzubieten. Dennoch ist das Auftreten von Fehlern nicht v\u00f6llig auszuschlie\u00dfen. Die Ferienwohnung Carpe Diem \u00fcbernimmt keine Haftung f\u00fcr die Aktualit\u00e4t, die inhaltliche Richtigkeit sowie f\u00fcr die Vollst\u00e4ndigkeit der in ihrem Webangebot eingestellten Informationen, es sei denn, die Fehler wurden vors\u00e4tzlich oder grob fahrl\u00e4ssig aufgenommen. Dies bezieht sich auf eventuelle Sch\u00e4den materieller oder ideeller Art Dritter, die durch die Nutzung dieses Webangebotes verursacht wurden.<\/p>\n<p>[\/et_pb_text][\/et_pb_column][\/et_pb_row][\/et_pb_section]<\/p>\n","protected":false},"excerpt":{"rendered":"<p>[et_pb_section fb_built=&#8220;1&#8243; _builder_version=&#8220;3.0.47&#8243;][et_pb_row custom_padding=&#8220;24px|0px|0|0px|false|false&#8220; _builder_version=&#8220;3.21.3&#8243;][et_pb_column type=&#8220;4_4&#8243; _builder_version=&#8220;3.21.3&#8243;][et_pb_sidebar _builder_version=&#8220;3.21.3&#8243;][\/et_pb_sidebar][et_pb_text _builder_version=&#8220;3.21.3&#8243;] Impressum [\/et_pb_text][\/et_pb_column][\/et_pb_row][et_pb_row _builder_version=&#8220;3.0.48&#8243; background_size=&#8220;initial&#8220; background_position=&#8220;top_left&#8220; background_repeat=&#8220;repeat&#8220;][et_pb_column type=&#8220;2_5&#8243; _builder_version=&#8220;3.0.47&#8243;][et_pb_text _builder_version=&#8220;3.21.3&#8243;] Ferienwohnung Carpe Diem Inhaber Helga und Klaus Br\u00f6ning Waldstr. 26 67659 Kaiserslautern Tel.: +49(0)631 \/ 2775236 &#8211; 0 Fax.:+49(0)631 \/ 2775236 &#8211; 9 E-Mail: info@fewo-carpediem.de\u00a0 Internet: www.fewo-carpediem.deInhaber: Helga und Klaus Br\u00f6ning [\/et_pb_text][et_pb_button button_url=&#8220;\/cms\/dl\/agb_fewo_carpediem.pdf&#8220; url_new_window=&#8220;on&#8220; button_text=&#8220;Allgemeine Gesch\u00e4ftsbedingungen&#8220; _builder_version=&#8220;3.21.3&#8243; [&hellip;]<\/p>\n","protected":false},"author":1,"featured_media":0,"parent":0,"menu_order":0,"comment_status":"closed","ping_status":"closed","template":"","meta":{"_et_pb_use_builder":"on","_et_pb_old_content":"<!-- wp:table {\"className\":\"is-style-regular\"} -->\n<table class=\"wp-block-table is-style-regular\"><tbody><tr><td> <strong>Ferienwohnung Carpe Diem<\/strong><br><br>\u00a0Inhaber Helga und Klaus Br\u00f6ning<br> Waldstr. 26 67659 Kaiserslautern <br>Tel.: +49(0)631 \/ 2775236 - 0 <br>Fax.:+49(0)631 \/ 2775236 - 9 <br><br>E-Mail: <a href=\"mailto:info@fewo-carpediem.de\">info@fewo-carpediem.de<\/a>\u00a0 <br>Internet: www.fewo-carpediem.de<br>Inhaber: Helga und Klaus Br\u00f6ning <br> <br>Gerichtsstand ist Kaiserslautern \/ Rheinland-Pfalz . <br><br>Copyright \u00a9 2019 by Ferienwohnung Carpe Diem Alle Rechte vorbehalten. Die Urheberrechte dieser Web-Site liegen vollst\u00e4ndig bei den Inhabern der Ferienwohnung Carpe Diem. <br> <br> Bildmotive d\u00fcrfen nur f\u00fcr redaktionelle Zwecke genutzt werden. Die Verwendung ist honorarfrei bei Quellenangabe und \u00dcbersendung von zwei kostenlosen Belegexemplaren an o.g. Adresse. Grafische Ver\u00e4nderungen - au\u00dfer zum Freistellen des Hauptmotivs - sind nicht gestattet.\u00a0 <br><br><strong> Haftungshinweis:<\/strong> Trotz sorgf\u00e4ltiger inhaltlicher Kontrolle \u00fcbernehmen wir keine Haftung f\u00fcr die Inhalte externer Links. F\u00fcr den Inhalt der verlinkten Seiten sind ausschlie\u00dflich deren Betreiber verantwortlich. <br><br> Die Ferienwohnung Carpe Diem ist bem\u00fcht, ihr Webangebot stets aktuell und inhaltlich richtig sowie vollst\u00e4ndig anzubieten. Dennoch ist das Auftreten von Fehlern nicht v\u00f6llig auszuschlie\u00dfen. Die Ferienwohnung Carpe Diem \u00fcbernimmt keine Haftung f\u00fcr die Aktualit\u00e4t, die inhaltliche Richtigkeit sowie f\u00fcr die Vollst\u00e4ndigkeit der in ihrem Webangebot eingestellten Informationen, es sei denn, die Fehler wurden vors\u00e4tzlich oder grob fahrl\u00e4ssig aufgenommen. Dies bezieht sich auf eventuelle Sch\u00e4den materieller oder ideeller Art Dritter, die durch die Nutzung dieses Webangebotes verursacht wurden. <\/td><\/tr><\/tbody><\/table>\n<!-- \/wp:table -->","_et_gb_content_width":"","footnotes":""},"class_list":["post-24838","page","type-page","status-publish","hentry"],"jetpack_sharing_enabled":true,"_links":{"self":[{"href":"https:\/\/www.fewo-carpediem.de\/cms\/wp-json\/wp\/v2\/pages\/24838","targetHints":{"allow":["GET"]}}],"collection":[{"href":"https:\/\/www.fewo-carpediem.de\/cms\/wp-json\/wp\/v2\/pages"}],"about":[{"href":"https:\/\/www.fewo-carpediem.de\/cms\/wp-json\/wp\/v2\/types\/page"}],"author":[{"embeddable":true,"href":"https:\/\/www.fewo-carpediem.de\/cms\/wp-json\/wp\/v2\/users\/1"}],"replies":[{"embeddable":true,"href":"https:\/\/www.fewo-carpediem.de\/cms\/wp-json\/wp\/v2\/comments?post=24838"}],"version-history":[{"count":2,"href":"https:\/\/www.fewo-carpediem.de\/cms\/wp-json\/wp\/v2\/pages\/24838\/revisions"}],"predecessor-version":[{"id":25227,"href":"https:\/\/www.fewo-carpediem.de\/cms\/wp-json\/wp\/v2\/pages\/24838\/revisions\/25227"}],"wp:attachment":[{"href":"https:\/\/www.fewo-carpediem.de\/cms\/wp-json\/wp\/v2\/media?parent=24838"}],"curies":[{"name":"wp","href":"https:\/\/api.w.org\/{rel}","templated":true}]}}