{"id":24952,"date":"2019-04-18T09:28:19","date_gmt":"2019-04-18T09:28:19","guid":{"rendered":"https:\/\/staging.fewo-carpediem.de\/cms\/?page_id=24952"},"modified":"2019-04-20T00:26:34","modified_gmt":"2019-04-20T00:26:34","slug":"umgebung","status":"publish","type":"page","link":"https:\/\/www.fewo-carpediem.de\/cms\/umgebung\/","title":{"rendered":"Umgebung"},"content":{"rendered":"<p>[et_pb_section fb_built=&#8220;1&#8243; _builder_version=&#8220;3.21.3&#8243; custom_padding=&#8220;19px|0px|48px|0px|false|false&#8220;][et_pb_row make_fullwidth=&#8220;on&#8220; custom_padding=&#8220;0|0px|24px|0px|false|false&#8220; _builder_version=&#8220;3.21.3&#8243; module_alignment=&#8220;center&#8220;][et_pb_column type=&#8220;4_4&#8243; _builder_version=&#8220;3.21.3&#8243;][et_pb_image src=&#8220;https:\/\/www.fewo-carpediem.de\/cms\/wp-content\/uploads\/2019\/04\/header_umgebung.png&#8220; align=&#8220;center&#8220; _builder_version=&#8220;3.21.3&#8243; box_shadow_style=&#8220;preset1&#8243;][\/et_pb_image][\/et_pb_column][\/et_pb_row][et_pb_row _builder_version=&#8220;3.21.3&#8243;][et_pb_column type=&#8220;4_4&#8243; _builder_version=&#8220;3.21.3&#8243;][et_pb_text _builder_version=&#8220;3.21.3&#8243;]<\/p>\n<h1>Kaiserslautern und Umgebung<\/h1>\n<p>Hier finden Sie immer wieder aktualisierte Links und Informationen aus Kaiserslautern und Umgebung.<\/p>\n<p>[\/et_pb_text][\/et_pb_column][\/et_pb_row][et_pb_row _builder_version=&#8220;3.21.3&#8243;][et_pb_column type=&#8220;1_3&#8243; _builder_version=&#8220;3.21.3&#8243;][et_pb_blurb title=&#8220;Stadt Kaiserslautern&#8220; image=&#8220;https:\/\/www.fewo-carpediem.de\/cms\/wp-content\/uploads\/2019\/04\/Umgebung_Kaiserslautern.jpg&#8220; _builder_version=&#8220;3.21.3&#8243; link_option_url=&#8220;https:\/\/www.kaiserslautern.de\/&#8220; link_option_url_new_window=&#8220;on&#8220;]<\/p>\n<p>Die offizielle Webseite der Stadt Kaiserslautern heisst Sie in der <span style=\"color: #333333; font-family: Cuprum, Helvetica, Arial, Lucida, sans-serif; font-size: 16px;\">Der Metropole im Herzen der Pfalz\u00a0<\/span><span style=\"font-size: 14px;\">willkommen. Entdecken Sie das Angebot unserer facettenreichen Stadt,\u00a0 gelegen in mitten des Pf\u00e4lzer Waldes &#8211; und erfahren Sie hier alles Rund die Themen Touristik und Veranstaltungen in Stadt und Umgebung.<\/span><\/p>\n<p>[\/et_pb_blurb][\/et_pb_column][et_pb_column type=&#8220;1_3&#8243; _builder_version=&#8220;3.21.3&#8243;][et_pb_blurb title=&#8220;Gartenschau&#8220; image=&#8220;https:\/\/www.fewo-carpediem.de\/cms\/wp-content\/uploads\/2019\/04\/Umgebung_Gartensschau.jpg&#8220; _builder_version=&#8220;3.21.3&#8243; link_option_url=&#8220;https:\/\/www.gartenschau-kl.de\/&#8220; link_option_url_new_window=&#8220;on&#8220;]<\/p>\n<p><span face=\"Arial, sans-serif\" style=\"font-family: Arial, sans-serif;\">Die Bl\u00fctenpracht der Gartenschau l\u00e4dt von M\u00e4rz bis Oktober Gro\u00df und Klein zum Staunen ein. Blumenhallen, Weidenkirche, ein\u00a0 Mittelalter-markt, eine Legoausstellung und viele anderen Highlights begeistern in 2019 bereits im 11. Jahr viele tausende Besucher\u00a0<\/span><span style=\"font-family: Arial, sans-serif; font-size: 14px;\">j\u00e4hrlich.<\/span><\/p>\n<p>[\/et_pb_blurb][\/et_pb_column][et_pb_column type=&#8220;1_3&#8243; _builder_version=&#8220;3.21.3&#8243;][et_pb_blurb title=&#8220;Japanischer Garten&#8220; image=&#8220;https:\/\/www.fewo-carpediem.de\/cms\/wp-content\/uploads\/2019\/04\/Umgebung_JapanGarten_IMG_3490.jpg&#8220; _builder_version=&#8220;3.21.3&#8243; link_option_url=&#8220;http:\/\/www.japanischergarten.de&#8220; link_option_url_new_window=&#8220;on&#8220;]<\/p>\n<p><span face=\"Arial, sans-serif\" style=\"font-family: Arial, sans-serif;\">Erholen Sie sich im gr\u00f6\u00dften Japanischen Garten in Europa und geniessen Sie viele wesentliche Elemente wie Teiche, Wasserf\u00e4lle, Zengarten und ein originales Teehaus.<\/span><\/p>\n<p>[\/et_pb_blurb][\/et_pb_column][\/et_pb_row][et_pb_row _builder_version=&#8220;3.21.3&#8243;][et_pb_column type=&#8220;1_3&#8243; _builder_version=&#8220;3.21.3&#8243;][et_pb_blurb title=&#8220;Freibad Waschm\u00fchle %22Wesch%22&#8243; image=&#8220;https:\/\/www.fewo-carpediem.de\/cms\/wp-content\/uploads\/2019\/04\/Umgebung_Freibad_Waschmuehle_Kaiserslautern.jpg&#8220; _builder_version=&#8220;3.21.3&#8243; link_option_url=&#8220;https:\/\/de.wikipedia.org\/wiki\/Waschm%C3%BChle&#8220; link_option_url_new_window=&#8220;on&#8220;]<\/p>\n<p class=\"p1\">Erfrischen Sie sich in den Sommermonaten im historischen Freibad Waschm\u00fchle<b>.\u00a0<\/b>Die Waschm\u00fchle (im Volksmund &#8222;Wesch&#8220;) ist eines von zwei Freib\u00e4dern in Kaiserslautern. Das am 4.06.1908 er\u00f6ffnete Bad hat eine Wasserfl\u00e4che von 7.400 m\u201c . Das einzige Becken ist 165,3 Meter lang &#8211;\u00a0und damit das gr\u00f6\u00dfte Wasserbecken unter freiem Himmel in Europa<\/p>\n<p>[\/et_pb_blurb][\/et_pb_column][et_pb_column type=&#8220;1_3&#8243; _builder_version=&#8220;3.21.3&#8243;][et_pb_blurb title=&#8220;Saunalandschaft Monte Mare&#8220; image=&#8220;https:\/\/www.fewo-carpediem.de\/cms\/wp-content\/uploads\/2019\/04\/Umgebung_Sauna.jpg&#8220; _builder_version=&#8220;3.21.3&#8243; link_option_url=&#8220;https:\/\/www.monte-mare.de\/de\/kaiserslautern.html&#8220; link_option_url_new_window=&#8220;on&#8220;]<\/p>\n<p><span face=\"Arial, sans-serif\" style=\"font-family: Arial, sans-serif;\">Genie\u00dfen Sie den Augenblick im Sauna \u2013 und Wellnessparadies Monte Mare.\u00a0<\/span><span style=\"font-family: Arial, sans-serif; font-size: 14px;\">In der Wohlf\u00fchllandschaft einfach nach Lust und Laune entspannen und die Seele\u00a0<\/span><span style=\"font-family: Arial, sans-serif; font-size: 14px;\">baumeln lassen.<\/span><\/p>\n<p>[\/et_pb_blurb][\/et_pb_column][et_pb_column type=&#8220;1_3&#8243; _builder_version=&#8220;3.21.3&#8243;][et_pb_blurb title=&#8220;Pf\u00e4lzerwald&#8220; image=&#8220;https:\/\/www.fewo-carpediem.de\/cms\/wp-content\/uploads\/2019\/04\/Umgebung_Wald.jpg&#8220; _builder_version=&#8220;3.21.3&#8243; link_option_url=&#8220;http:\/\/www.pfaelzerwald.de\/naturpark-pfaelzerwald\/&#8220; link_option_url_new_window=&#8220;on&#8220;]<\/p>\n<p><span face=\"Arial, sans-serif\" style=\"font-family: Arial, sans-serif;\">Ein Wanderparadies er\u00f6ffnet sich hier f\u00fcr bewegungsfreudige Naturliebhaber und kommen auf den unz\u00e4hligen gut ausgeschilderten Spazier- und Wanderwegen voll auf Ihre Kosten.<\/span><\/p>\n<p>[\/et_pb_blurb][\/et_pb_column][\/et_pb_row][et_pb_row _builder_version=&#8220;3.21.3&#8243;][et_pb_column type=&#8220;1_3&#8243; _builder_version=&#8220;3.21.3&#8243;][et_pb_blurb title=&#8220;Pfalztheater&#8220; image=&#8220;https:\/\/www.fewo-carpediem.de\/cms\/wp-content\/uploads\/2019\/04\/Umgebung_Pfalztheater.jpg&#8220; _builder_version=&#8220;3.21.3&#8243; link_option_url=&#8220;https:\/\/www.pfalztheater.de\/&#8220; link_option_url_new_window=&#8220;on&#8220;]<\/p>\n<p><span face=\"Arial, sans-serif\" style=\"font-family: Arial, sans-serif;\">Lassen Sie sich in unserem Pfalztheater immer wieder durch den grossen Mut, Ideenreichtum und aussergew\u00f6hnlicher Experimentierfreude \u00fcberraschen und erleben Sie unvergessliche Momente.<\/span><\/p>\n<p>[\/et_pb_blurb][\/et_pb_column][et_pb_column type=&#8220;1_3&#8243; _builder_version=&#8220;3.21.3&#8243;][et_pb_blurb title=&#8220;Kulturzentrum Kammgarn&#8220; image=&#8220;https:\/\/www.fewo-carpediem.de\/cms\/wp-content\/uploads\/2019\/04\/Umgebung_Kammgarn.png&#8220; _builder_version=&#8220;3.21.3&#8243; link_option_url=&#8220;https:\/\/www.kammgarn.de\/&#8220; link_option_url_new_window=&#8220;on&#8220;]<\/p>\n<p><span face=\"Arial, sans-serif\" style=\"font-family: Arial, sans-serif;\">Erleben Sie tolle Events in unserer denkmalgesch\u00fctzten Kammgarn.\u00a0<\/span><span style=\"font-family: Arial, sans-serif; font-size: 14px;\">Sie weist eine sehr gute Besucher-Resonanz auf und <\/span><span style=\"font-family: Arial, sans-serif; font-size: 14px;\">die nationalen und internationalen K\u00fcnstler lieben die dortige tolle Atmosph\u00e4re.<\/span><\/p>\n<p>[\/et_pb_blurb][\/et_pb_column][et_pb_column type=&#8220;1_3&#8243; _builder_version=&#8220;3.21.3&#8243;][et_pb_blurb title=&#8220;Fritz Walter Stadion&#8220; image=&#8220;https:\/\/www.fewo-carpediem.de\/cms\/wp-content\/uploads\/2019\/04\/Umgebung_FIFA-Fritz-Walter-Stadion.jpg&#8220; _builder_version=&#8220;3.21.3&#8243; link_option_url=&#8220;https:\/\/fck.de\/de\/stadion\/&#8220; link_option_url_new_window=&#8220;on&#8220;]<\/p>\n<p><span face=\"Arial, sans-serif\" style=\"font-family: Arial, sans-serif;\"><span>Das Stadion war w\u00e4hrend der\u00a0<\/span><\/span><span face=\"Arial, sans-serif\"><\/span><span face=\"Arial, sans-serif\">Fu\u00dfball-Weltmeisterschaft 2006<\/span><span face=\"Arial, sans-serif\"><\/span><span face=\"Arial, sans-serif\" style=\"font-family: Arial, sans-serif;\"><span>\u00a0Austragungsort von f\u00fcnf Spielen. Seinen heutigen Namen erhielt das Stadion am 2. November 1985 anl\u00e4sslich des 65. Geburtstags von Fritz Walter<\/span><span>, Kapit\u00e4n der FCK-Meistermannschaften von 1951 und 1953. Der &#8222;Betze&#8220; ist die Heimat des 1. FCK.<\/span><\/span><\/p>\n<p>[\/et_pb_blurb][\/et_pb_column][\/et_pb_row][et_pb_row _builder_version=&#8220;3.21.3&#8243;][et_pb_column type=&#8220;1_2&#8243; _builder_version=&#8220;3.21.3&#8243;][et_pb_text _builder_version=&#8220;3.21.3&#8243;]<\/p>\n<h1>Freizeitm\u00f6glichkeiten<\/h1>\n<ul>\n<li>Gartenschau (mit gro\u00dfem Abenteuerspielplatz und diverse Sportm\u00f6glichkeiten)<\/li>\n<li>Japanischer Garten<\/li>\n<li>Pfalztheater Kaiserslautern<\/li>\n<li>Kulturzentrum Kammgarn<\/li>\n<li>Fritz-Walter-Stadion Betzenberg (WM Stadion aus 2006)<\/li>\n<li>Pfalzgalerie<\/li>\n<li>Naherholungsgebiet Pf\u00e4lzerwald<\/li>\n<li>Wildpark<\/li>\n<li>Siegelbacher Zoo<\/li>\n<li>Seen in direkter Umgebung: Vogelwoog, Blechhammer<\/li>\n<li>Badem\u00f6glicheiten:<br \/>1. Strandbad Gelterswoog (direkter Busanbindung),<span>\u00a0<\/span><br \/>2. Freibad Waschm\u00fchle (Volksmund &#8222;Wesch&#8220;), 100 Jahre alt, Wasserfl\u00e4che von 7.400 m\u00b2, das einzige Becken ist 165,3 Meter lang und damit das gr\u00f6\u00dfte Wasserbecken unter freiem Himmel in Europa<br \/>3. Warmfreibad Kaiserslautern (neben Volkspark)<br \/>4. Monte Mare Erlebnisbad mit gro\u00dfer ausgezeichneter Saunalandschaft<\/li>\n<li>Humbergturm mit gro\u00dfartigem Blick \u00fcber die Westpfalzmetropole und den Pf\u00e4lzerwald<\/li>\n<li>WM Laufparcours (6 Strecken) f\u00fcr Wanderer, L\u00e4ufer , Walker oder Nordic-Walker mit unterschiedlichen Steigungsprofilen<\/li>\n<li>Mountain-Bike Park Johanniskreuz<\/li>\n<li>Mehlinger Heide<\/li>\n<\/ul>\n<p>[\/et_pb_text][\/et_pb_column][et_pb_column type=&#8220;1_2&#8243; _builder_version=&#8220;3.21.3&#8243;][et_pb_text _builder_version=&#8220;3.21.3&#8243;]<\/p>\n<h1>Sehensw\u00fcrdigkeiten<\/h1>\n<ul>\n<li>Casimirschloss mit den Unterirdischen G\u00e4ngen (F\u00fchrung \u00fcber Tourist-Information buchbar)<\/li>\n<li>Pfalztheater<\/li>\n<li>Rathaus<\/li>\n<li>Gasthaus &#8222;Zum Spinnr\u00e4dl&#8220; aus dem Jahr 1740<\/li>\n<li>Theodor-Zink-Museum<\/li>\n<li>Kaiserbrunnen &#8211; Kunst verbindt Geschichte mit Humor<\/li>\n<li>Kath. St. Martinskirche und St. Martinsplatz<\/li>\n<li>Prot. Kleine Kirche aus den Jahren 1711-1717<\/li>\n<li>Fruchthalle (heute Konzert- u. Veranstaltungshalle) aus den Jahren 1843-1846<\/li>\n<li>Wadgasserhof aus dem Jahre 1619<\/li>\n<li>Prot. Stiftskirche &#8211; bedeutenste sp\u00e4tgotische Hallenkirche S\u00fcdwestdeutschlands<\/li>\n<li>47 Glocken des Carillions der prot. Stiftskirche Kaiserslautern (Einweihung Mai 2009)<\/li>\n<li>WM Stadion Betzenberg<\/li>\n<\/ul>\n<p>[\/et_pb_text][\/et_pb_column][\/et_pb_row][\/et_pb_section]<\/p>\n","protected":false},"excerpt":{"rendered":"<p>[et_pb_section fb_built=&#8220;1&#8243; _builder_version=&#8220;3.21.3&#8243; custom_padding=&#8220;19px|0px|48px|0px|false|false&#8220;][et_pb_row make_fullwidth=&#8220;on&#8220; custom_padding=&#8220;0|0px|24px|0px|false|false&#8220; _builder_version=&#8220;3.21.3&#8243; module_alignment=&#8220;center&#8220;][et_pb_column type=&#8220;4_4&#8243; _builder_version=&#8220;3.21.3&#8243;][et_pb_image src=&#8220;https:\/\/www.fewo-carpediem.de\/cms\/wp-content\/uploads\/2019\/04\/header_umgebung.png&#8220; align=&#8220;center&#8220; _builder_version=&#8220;3.21.3&#8243; box_shadow_style=&#8220;preset1&#8243;][\/et_pb_image][\/et_pb_column][\/et_pb_row][et_pb_row _builder_version=&#8220;3.21.3&#8243;][et_pb_column type=&#8220;4_4&#8243; _builder_version=&#8220;3.21.3&#8243;][et_pb_text _builder_version=&#8220;3.21.3&#8243;] Kaiserslautern und Umgebung Hier finden Sie immer wieder aktualisierte Links und Informationen aus Kaiserslautern und Umgebung. [\/et_pb_text][\/et_pb_column][\/et_pb_row][et_pb_row _builder_version=&#8220;3.21.3&#8243;][et_pb_column type=&#8220;1_3&#8243; _builder_version=&#8220;3.21.3&#8243;][et_pb_blurb title=&#8220;Stadt Kaiserslautern&#8220; image=&#8220;https:\/\/www.fewo-carpediem.de\/cms\/wp-content\/uploads\/2019\/04\/Umgebung_Kaiserslautern.jpg&#8220; _builder_version=&#8220;3.21.3&#8243; link_option_url=&#8220;https:\/\/www.kaiserslautern.de\/&#8220; link_option_url_new_window=&#8220;on&#8220;] Die offizielle Webseite der Stadt Kaiserslautern heisst Sie in der Der [&hellip;]<\/p>\n","protected":false},"author":1,"featured_media":0,"parent":0,"menu_order":0,"comment_status":"closed","ping_status":"closed","template":"","meta":{"_et_pb_use_builder":"on","_et_pb_old_content":"","_et_gb_content_width":"","footnotes":""},"class_list":["post-24952","page","type-page","status-publish","hentry"],"jetpack_sharing_enabled":true,"_links":{"self":[{"href":"https:\/\/www.fewo-carpediem.de\/cms\/wp-json\/wp\/v2\/pages\/24952","targetHints":{"allow":["GET"]}}],"collection":[{"href":"https:\/\/www.fewo-carpediem.de\/cms\/wp-json\/wp\/v2\/pages"}],"about":[{"href":"https:\/\/www.fewo-carpediem.de\/cms\/wp-json\/wp\/v2\/types\/page"}],"author":[{"embeddable":true,"href":"https:\/\/www.fewo-carpediem.de\/cms\/wp-json\/wp\/v2\/users\/1"}],"replies":[{"embeddable":true,"href":"https:\/\/www.fewo-carpediem.de\/cms\/wp-json\/wp\/v2\/comments?post=24952"}],"version-history":[{"count":3,"href":"https:\/\/www.fewo-carpediem.de\/cms\/wp-json\/wp\/v2\/pages\/24952\/revisions"}],"predecessor-version":[{"id":25114,"href":"https:\/\/www.fewo-carpediem.de\/cms\/wp-json\/wp\/v2\/pages\/24952\/revisions\/25114"}],"wp:attachment":[{"href":"https:\/\/www.fewo-carpediem.de\/cms\/wp-json\/wp\/v2\/media?parent=24952"}],"curies":[{"name":"wp","href":"https:\/\/api.w.org\/{rel}","templated":true}]}}